{"id":1036,"date":"2024-12-03T16:03:38","date_gmt":"2024-12-03T16:03:38","guid":{"rendered":"https:\/\/pelvica.ch\/?page_id=1036"},"modified":"2024-12-12T15:40:14","modified_gmt":"2024-12-12T15:40:14","slug":"energetique","status":"publish","type":"page","link":"https:\/\/pelvica.ch\/?page_id=1036","title":{"rendered":"Energ\u00e9tique"},"content":{"rendered":"\n<p>Un soin \u00e9nerg\u00e9tique est, avant tout, un moment privil\u00e9gi\u00e9 de <strong>connexion<\/strong> \u00e0 soi-m\u00eame \u2014 \u00e0 toutes les parties de soi \u2014 et \u00e0 ce qui est plus grand que nous, quelle que soit votre croyance. Il s&#8217;agit d&#8217;une opportunit\u00e9 d&#8217;appr\u00e9cier le moment pr\u00e9sent et d&#8217;ouvrir la porte \u00e0 des possibilit\u00e9s de <strong>transformation et de d\u00e9veloppement<\/strong>. Je propose un accompagnement bienveillant et non jugeant, respectueux de votre identit\u00e9, de vos besoins et attentes. Je suis l\u00e0 pour vous aider \u00e0 cheminer vers un meilleur \u00e9quilibre dans la (re)d\u00e9couverte du mieux-\u00eatre et de la bonne sant\u00e9.<\/p>\n\n\n\n<div class=\"wp-block-image\"><figure class=\"aligncenter size-large is-resized\"><img loading=\"lazy\" decoding=\"async\" src=\"http:\/\/pelvica.ch\/wp-content\/uploads\/2024\/12\/frames-for-your-heart-Z4Dtkci_Enk-unsplash-1024x857.jpg\" alt=\"\" class=\"wp-image-1037\" width=\"370\" height=\"310\" srcset=\"https:\/\/pelvica.ch\/wp-content\/uploads\/2024\/12\/frames-for-your-heart-Z4Dtkci_Enk-unsplash-1024x857.jpg 1024w, https:\/\/pelvica.ch\/wp-content\/uploads\/2024\/12\/frames-for-your-heart-Z4Dtkci_Enk-unsplash-300x251.jpg 300w, https:\/\/pelvica.ch\/wp-content\/uploads\/2024\/12\/frames-for-your-heart-Z4Dtkci_Enk-unsplash-768x643.jpg 768w, https:\/\/pelvica.ch\/wp-content\/uploads\/2024\/12\/frames-for-your-heart-Z4Dtkci_Enk-unsplash-1536x1285.jpg 1536w, https:\/\/pelvica.ch\/wp-content\/uploads\/2024\/12\/frames-for-your-heart-Z4Dtkci_Enk-unsplash-2048x1714.jpg 2048w, https:\/\/pelvica.ch\/wp-content\/uploads\/2024\/12\/frames-for-your-heart-Z4Dtkci_Enk-unsplash-600x502.jpg 600w\" sizes=\"auto, (max-width: 370px) 100vw, 370px\" \/><\/figure><\/div>\n\n\n\n<p>On commencera par discuter de votre demande, et je vous proposerai d&#8217;\u00e9tablir une intention de gu\u00e9rison. Ensuite, je vous inviterai \u00e0 vous installer confortablement et \u00e0 vous laisser plonger dans une m\u00e9ditation guid\u00e9e, accompagn\u00e9e de musique, qui vous soutiendra tout au long de la s\u00e9ance. \u00c0 la fin, nous aurons la possibilit\u00e9 d&#8217;\u00e9changer autour de votre exp\u00e9rience, si vous le souhaitez, et je vous donnerai encore quelques outils pour continuer votre soin de fa\u00e7on autonome. Si cela ne vous convient pas, nous pourrons en discuter davantage et trouver une proposition plus adapt\u00e9e \u00e0 vos souhaits.<\/p>\n\n\n\n<figure class=\"wp-block-image size-large\"><img loading=\"lazy\" decoding=\"async\" width=\"1024\" height=\"88\" src=\"http:\/\/pelvica.ch\/wp-content\/uploads\/2024\/05\/White-1024x88.png\" alt=\"\" class=\"wp-image-943\" srcset=\"https:\/\/pelvica.ch\/wp-content\/uploads\/2024\/05\/White-1024x88.png 1024w, https:\/\/pelvica.ch\/wp-content\/uploads\/2024\/05\/White-300x26.png 300w, https:\/\/pelvica.ch\/wp-content\/uploads\/2024\/05\/White-768x66.png 768w, https:\/\/pelvica.ch\/wp-content\/uploads\/2024\/05\/White-600x51.png 600w, https:\/\/pelvica.ch\/wp-content\/uploads\/2024\/05\/White.png 1146w\" sizes=\"auto, (max-width: 1024px) 100vw, 1024px\" \/><\/figure>\n\n\n\n<p class=\"has-text-align-center\"><em>Un soin ne cherche en aucun cas \u00e0 remplacer un avis m\u00e9dical ou param\u00e9dical, ni \u00e0 poser un diagnostic. Tout traitement en cours ne doit \u00eatre interrompu qu&#8217;avec l&#8217;accord de votre m\u00e9decin ou th\u00e9rapeute.<\/em><\/p>\n<div style=\"margin: 20px 0;\"><div class=\"qrcswholewtapper\" style=\"text-align:left;\"><div class=\"qrcprowrapper\"  id=\"qrcwraa2leds\"><div class=\"qrc_canvass\" id=\"qrc_cuttenpages_2\" style=\"display:none\" data-text=\"https:\/\/pelvica.ch\/?page_id=1036\"><\/div><\/div><\/div><\/div>","protected":false},"excerpt":{"rendered":"<p>Un soin \u00e9nerg\u00e9tique est, avant tout, un moment privil\u00e9gi\u00e9 de connexion \u00e0 soi-m\u00eame \u2014 \u00e0 toutes les parties de soi \u2014 et \u00e0 ce qui est plus grand que nous, quelle que soit votre croyance. Il s&#8217;agit d&#8217;une opportunit\u00e9 d&#8217;appr\u00e9cier le moment pr\u00e9sent et d&#8217;ouvrir la porte \u00e0 des possibilit\u00e9s de transformation et de d\u00e9veloppement. [&hellip;]<\/p>\n","protected":false},"author":1,"featured_media":0,"parent":0,"menu_order":0,"comment_status":"closed","ping_status":"closed","template":"","meta":{"footnotes":""},"class_list":["post-1036","page","type-page","status-publish","hentry"],"_links":{"self":[{"href":"https:\/\/pelvica.ch\/index.php?rest_route=\/wp\/v2\/pages\/1036","targetHints":{"allow":["GET"]}}],"collection":[{"href":"https:\/\/pelvica.ch\/index.php?rest_route=\/wp\/v2\/pages"}],"about":[{"href":"https:\/\/pelvica.ch\/index.php?rest_route=\/wp\/v2\/types\/page"}],"author":[{"embeddable":true,"href":"https:\/\/pelvica.ch\/index.php?rest_route=\/wp\/v2\/users\/1"}],"replies":[{"embeddable":true,"href":"https:\/\/pelvica.ch\/index.php?rest_route=%2Fwp%2Fv2%2Fcomments&post=1036"}],"version-history":[{"count":5,"href":"https:\/\/pelvica.ch\/index.php?rest_route=\/wp\/v2\/pages\/1036\/revisions"}],"predecessor-version":[{"id":1063,"href":"https:\/\/pelvica.ch\/index.php?rest_route=\/wp\/v2\/pages\/1036\/revisions\/1063"}],"wp:attachment":[{"href":"https:\/\/pelvica.ch\/index.php?rest_route=%2Fwp%2Fv2%2Fmedia&parent=1036"}],"curies":[{"name":"wp","href":"https:\/\/api.w.org\/{rel}","templated":true}]}}