{"id":1066,"date":"2025-01-02T11:27:11","date_gmt":"2025-01-02T11:27:11","guid":{"rendered":"https:\/\/pelvica.ch\/?page_id=1066"},"modified":"2025-01-02T11:27:11","modified_gmt":"2025-01-02T11:27:11","slug":"la-therapie-au-service-de-la-sante-pelvienne-et-de-la-sante-sexuelle-integrative-francais","status":"publish","type":"page","link":"https:\/\/pelvica.ch\/?page_id=1066","title":{"rendered":"La th\u00e9rapie au service de la Sant\u00e9 Pelvienne et de la Sant\u00e9 Sexuelle Int\u00e9grative &#8211; Fran\u00e7ais"},"content":{"rendered":"<div style=\"margin: 20px 0;\"><div class=\"qrcswholewtapper\" style=\"text-align:left;\"><div class=\"qrcprowrapper\"  id=\"qrcwraa2leds\"><div class=\"qrc_canvass\" id=\"qrc_cuttenpages_2\" style=\"display:none\" data-text=\"https:\/\/pelvica.ch\/?page_id=1066\"><\/div><\/div><\/div><\/div>","protected":false},"excerpt":{"rendered":"","protected":false},"author":1,"featured_media":0,"parent":0,"menu_order":0,"comment_status":"closed","ping_status":"closed","template":"","meta":{"footnotes":""},"class_list":["post-1066","page","type-page","status-publish","hentry"],"_links":{"self":[{"href":"https:\/\/pelvica.ch\/index.php?rest_route=\/wp\/v2\/pages\/1066","targetHints":{"allow":["GET"]}}],"collection":[{"href":"https:\/\/pelvica.ch\/index.php?rest_route=\/wp\/v2\/pages"}],"about":[{"href":"https:\/\/pelvica.ch\/index.php?rest_route=\/wp\/v2\/types\/page"}],"author":[{"embeddable":true,"href":"https:\/\/pelvica.ch\/index.php?rest_route=\/wp\/v2\/users\/1"}],"replies":[{"embeddable":true,"href":"https:\/\/pelvica.ch\/index.php?rest_route=%2Fwp%2Fv2%2Fcomments&post=1066"}],"version-history":[{"count":0,"href":"https:\/\/pelvica.ch\/index.php?rest_route=\/wp\/v2\/pages\/1066\/revisions"}],"wp:attachment":[{"href":"https:\/\/pelvica.ch\/index.php?rest_route=%2Fwp%2Fv2%2Fmedia&parent=1066"}],"curies":[{"name":"wp","href":"https:\/\/api.w.org\/{rel}","templated":true}]}}