{"id":658,"date":"2022-03-31T16:16:53","date_gmt":"2022-03-31T16:16:53","guid":{"rendered":"https:\/\/pelvica.ch\/?page_id=658"},"modified":"2024-12-05T16:57:01","modified_gmt":"2024-12-05T16:57:01","slug":"pelvica","status":"publish","type":"page","link":"https:\/\/pelvica.ch\/?page_id=658","title":{"rendered":"Physioth\u00e9rapie pelvi-p\u00e9rin\u00e9ale"},"content":{"rendered":"\n<div class=\"wp-block-image\"><figure class=\"alignleft size-large is-resized\"><img loading=\"lazy\" decoding=\"async\" src=\"https:\/\/pelvica.ch\/wp-content\/uploads\/2022\/03\/physiotherapie-5-1-1024x683.jpg\" alt=\"\" class=\"wp-image-659\" width=\"466\" height=\"310\" srcset=\"https:\/\/pelvica.ch\/wp-content\/uploads\/2022\/03\/physiotherapie-5-1-1024x683.jpg 1024w, https:\/\/pelvica.ch\/wp-content\/uploads\/2022\/03\/physiotherapie-5-1-300x200.jpg 300w, https:\/\/pelvica.ch\/wp-content\/uploads\/2022\/03\/physiotherapie-5-1-768x512.jpg 768w, https:\/\/pelvica.ch\/wp-content\/uploads\/2022\/03\/physiotherapie-5-1-1536x1024.jpg 1536w, https:\/\/pelvica.ch\/wp-content\/uploads\/2022\/03\/physiotherapie-5-1-2048x1365.jpg 2048w, https:\/\/pelvica.ch\/wp-content\/uploads\/2022\/03\/physiotherapie-5-1-600x400.jpg 600w\" sizes=\"auto, (max-width: 466px) 100vw, 466px\" \/><\/figure><\/div>\n\n\n\n<p>La <strong>physioth\u00e9rapie<\/strong>, en tant que discipline scientifique de la sant\u00e9, s\u2019occupe de l\u2019\u00e9valuation, du diagnostic et de l\u2019intervention face aux limitations fonctionnelles et aux douleurs. Elle a pour but de d\u00e9velopper, de maintenir et de r\u00e9tablir le mouvement maximal ainsi que la capacit\u00e9 fonctionnelle, tout au long de la vie. Cette branche joue \u00e9galement un r\u00f4le essentiel en mati\u00e8re de pr\u00e9vention et de promotion de la sant\u00e9, y compris la sant\u00e9 sexuelle et reproductive, dans une perspective biopsychosociale, et dans un cadre de respect et de bienveillance envers toute personne qui consulte.<\/p>\n\n\n\n<p><\/p>\n\n\n\n<p><\/p>\n\n\n\n<p>Ma consultation de r\u00e9\u00e9ducation pelvi-p\u00e9rin\u00e9ale et uro-gyn\u00e9cologique est sp\u00e9cialis\u00e9e dans la <strong>sant\u00e9 de la femme<\/strong>, la <strong>sant\u00e9 pelvienne<\/strong> et <strong>sexologique<\/strong>, ainsi que la <strong>sant\u00e9 transgenre<\/strong>. Elle est adapt\u00e9e \u00e0 toute personne ayant des probl\u00e9matiques ou des besoins au niveau abdomino-pelvien, g\u00e9nital et p\u00e9rin\u00e9al, ainsi qu\u2019\u00e0 toute personne d\u00e9sirant mieux conna\u00eetre ces r\u00e9gions et am\u00e9liorer sa sant\u00e9, tout en agissant sur la pr\u00e9vention.<\/p>\n\n\n\n<p><\/p>\n\n\n\n<p><\/p>\n\n\n\n<p class=\"has-white-color has-text-color\">n bnl:,n<\/p>\n\n\n\n<p class=\"has-white-color has-text-color\"> j,fnlg:<\/p>\n\n\n\n<p class=\"has-white-color has-text-color\">jhnhic,o<\/p>\n\n\n\n<p class=\"has-medium-font-size\"><strong>Les indications&nbsp;:<\/strong><\/p>\n\n\n\n<div class=\"wp-block-image\"><figure class=\"alignright size-full is-resized\"><img loading=\"lazy\" decoding=\"async\" src=\"https:\/\/pelvica.ch\/wp-content\/uploads\/2022\/03\/Pelvica-1.jpg\" alt=\"\" class=\"wp-image-660\" width=\"376\" height=\"376\" srcset=\"https:\/\/pelvica.ch\/wp-content\/uploads\/2022\/03\/Pelvica-1.jpg 632w, https:\/\/pelvica.ch\/wp-content\/uploads\/2022\/03\/Pelvica-1-300x300.jpg 300w, https:\/\/pelvica.ch\/wp-content\/uploads\/2022\/03\/Pelvica-1-150x150.jpg 150w, https:\/\/pelvica.ch\/wp-content\/uploads\/2022\/03\/Pelvica-1-45x45.jpg 45w, https:\/\/pelvica.ch\/wp-content\/uploads\/2022\/03\/Pelvica-1-600x600.jpg 600w, https:\/\/pelvica.ch\/wp-content\/uploads\/2022\/03\/Pelvica-1-100x100.jpg 100w\" sizes=\"auto, (max-width: 376px) 100vw, 376px\" \/><\/figure><\/div>\n\n\n\n<ul class=\"wp-block-list\"><li>Suivi de <strong>grossesse<\/strong>, pr\u00e9paration physique \u00e0 l\u2019<strong>accouchement<\/strong> et r\u00e9\u00e9ducation <strong>post-partum<\/strong><\/li><li>R\u00e9\u00e9ducation en cas d\u2019<strong>incontinence<\/strong> ou d\u2019autre dysfonction urinaire et\/ou f\u00e9cale, de prolapsus\/<strong>descentes d\u2019organes<\/strong>, de <strong>constipation<\/strong> chronique, de <strong>diastasis<\/strong> et d\u2019autres d\u00e9programmations neuro-musculaires, de <strong>cicatrices<\/strong> douloureuses et dysfonctionnelles (c\u00e9sarienne, post-op\u00e9ratoire, \u00e9pisiotomie)<\/li><li>R\u00e9\u00e9ducation en cas de <strong>douleur<\/strong> de la r\u00e9gion g\u00e9nitale, pelvienne et abdominale (dysm\u00e9norrh\u00e9e \u2013 douleur aux r\u00e8gles -, endom\u00e9triose, douleur pelvienne chronique, nevralgie pudendale, congestion pelvienne, lichens, \u2026) et des <strong>troubles sexuels<\/strong> avec douleur (voir <em>Intima<\/em>)<\/li><li>Suivi de la <strong>personne transgenre<\/strong> pour le pr\u00e9 et le post-op\u00e9ratoire de chirurgie de r\u00e9assignation sexuelle (sup\u00e9rieure et inf\u00e9rieure)<\/li><li>Pr\u00e9paration et r\u00e9cup\u00e9ration <strong>chirurgicale<\/strong> (pr\u00e9 et post-op) de la r\u00e9gion abdomino-pelvienne<\/li><li>Adaptation de l\u2019<strong>activit\u00e9 physique\/sport<\/strong> int\u00e9gr\u00e9e dans la sant\u00e9 pelvienne, adaptations <strong>ergonomiques<\/strong>, conseils d\u2019<strong>hygi\u00e8ne corporelle<\/strong><\/li><\/ul>\n<div style=\"margin: 20px 0;\"><div class=\"qrcswholewtapper\" style=\"text-align:left;\"><div class=\"qrcprowrapper\"  id=\"qrcwraa2leds\"><div class=\"qrc_canvass\" id=\"qrc_cuttenpages_2\" style=\"display:none\" data-text=\"https:\/\/pelvica.ch\/?page_id=658\"><\/div><\/div><\/div><\/div>","protected":false},"excerpt":{"rendered":"<p>La physioth\u00e9rapie, en tant que discipline scientifique de la sant\u00e9, s\u2019occupe de l\u2019\u00e9valuation, du diagnostic et de l\u2019intervention face aux limitations fonctionnelles et aux douleurs. Elle a pour but de d\u00e9velopper, de maintenir et de r\u00e9tablir le mouvement maximal ainsi que la capacit\u00e9 fonctionnelle, tout au long de la vie. Cette branche joue \u00e9galement un [&hellip;]<\/p>\n","protected":false},"author":1,"featured_media":0,"parent":0,"menu_order":0,"comment_status":"closed","ping_status":"closed","template":"","meta":{"footnotes":""},"class_list":["post-658","page","type-page","status-publish","hentry"],"_links":{"self":[{"href":"https:\/\/pelvica.ch\/index.php?rest_route=\/wp\/v2\/pages\/658","targetHints":{"allow":["GET"]}}],"collection":[{"href":"https:\/\/pelvica.ch\/index.php?rest_route=\/wp\/v2\/pages"}],"about":[{"href":"https:\/\/pelvica.ch\/index.php?rest_route=\/wp\/v2\/types\/page"}],"author":[{"embeddable":true,"href":"https:\/\/pelvica.ch\/index.php?rest_route=\/wp\/v2\/users\/1"}],"replies":[{"embeddable":true,"href":"https:\/\/pelvica.ch\/index.php?rest_route=%2Fwp%2Fv2%2Fcomments&post=658"}],"version-history":[{"count":18,"href":"https:\/\/pelvica.ch\/index.php?rest_route=\/wp\/v2\/pages\/658\/revisions"}],"predecessor-version":[{"id":1057,"href":"https:\/\/pelvica.ch\/index.php?rest_route=\/wp\/v2\/pages\/658\/revisions\/1057"}],"wp:attachment":[{"href":"https:\/\/pelvica.ch\/index.php?rest_route=%2Fwp%2Fv2%2Fmedia&parent=658"}],"curies":[{"name":"wp","href":"https:\/\/api.w.org\/{rel}","templated":true}]}}