{"id":682,"date":"2022-04-11T11:28:17","date_gmt":"2022-04-11T11:28:17","guid":{"rendered":"https:\/\/pelvica.ch\/?page_id=682"},"modified":"2025-02-26T08:23:37","modified_gmt":"2025-02-26T08:23:37","slug":"me-connaitre","status":"publish","type":"page","link":"https:\/\/pelvica.ch\/?page_id=682","title":{"rendered":"Me connaitre"},"content":{"rendered":"\n<figure class=\"wp-block-gallery alignright has-nested-images columns-default is-cropped wp-block-gallery-1 is-layout-flex wp-block-gallery-is-layout-flex\">\n<figure class=\"wp-block-image size-full is-style-rounded\"><img loading=\"lazy\" decoding=\"async\" width=\"447\" height=\"486\" data-id=\"683\" src=\"https:\/\/pelvica.ch\/wp-content\/uploads\/2022\/04\/photo-JR.jpg\" alt=\"\" class=\"wp-image-683\" srcset=\"https:\/\/pelvica.ch\/wp-content\/uploads\/2022\/04\/photo-JR.jpg 447w, https:\/\/pelvica.ch\/wp-content\/uploads\/2022\/04\/photo-JR-276x300.jpg 276w\" sizes=\"auto, (max-width: 447px) 100vw, 447px\" \/><\/figure>\n<\/figure>\n\n\n\n<p class=\"has-text-align-center has-medium-font-size\"><em><strong>Joana Rodrigues <\/strong>(pronom : Elle)<\/em><\/p>\n\n\n\n<p>Dipl\u00f4m\u00e9e de physioth\u00e9rapie en 2010 \u00e0 la Haute Ecole de Sant\u00e9 de Porto (Portugal), j\u2019ai d\u00e9but\u00e9 ma pratique dans un cabinet g\u00e9n\u00e9raliste et en tant que physioth\u00e9rapeute du sport. Sp\u00e9cialement attir\u00e9e par le travail abdominal et postural, j\u2019ai vite compris l\u2019importance de la sph\u00e8re pelvienne et j\u2019ai d\u00e9cid\u00e9 de continuer ma formation pour intervenir \u00e9galement en pelvi-p\u00e9rin\u00e9ologie, devenue ma grande passion&nbsp;!<\/p>\n\n\n\n<p>La pertinence de l\u2019approche <strong>holistique et biopsychosociale<\/strong> s\u2019est affirm\u00e9e clairement durant mon parcours comme physioth\u00e9rapeute en sant\u00e9 pelvienne, et je m\u2019engage \u00e0 la <strong>sant\u00e9 inclusive et habilitante<\/strong>. Je m\u2019investis, donc, \u00e0 la formation continue et post-gradu\u00e9e de plusieurs m\u00e9thodes et sp\u00e9cialisations, passant par la r\u00e9\u00e9ducation en <strong>physioth\u00e9rapie<\/strong>, la <strong>communication<\/strong>, la <strong>psychosomatique<\/strong>, les <strong>approches psycorporelles<\/strong> et la <strong>sexologie<\/strong>.<\/p>\n\n\n\n<p>Int\u00e9grer la <strong>sant\u00e9 sexuelle<\/strong> dans ma pratique clinique est devenue une \u00e9vidence, et le traitement des personnes ayant des douleurs g\u00e9nitales et pelviennes, y compris lors des rapports sexuels, un grand focus de mon intervention. Valorisant le travail d\u2019\u00e9quipe et l\u2019interdisciplinarit\u00e9, je me suis d\u00e9di\u00e9e \u00e0 cr\u00e9er un r\u00e9seau de confiance et je me r\u00e9jouis de travailler au sein du <strong>Centre P\u00e9rinatal &amp; Famille<\/strong> \u00e0 Lausanne depuis 2018, ainsi qu\u2019au <strong>Cabinet de Sexologie et Couple de la C\u00f4te<\/strong> \u00e0 Morges\/Tolochenaz depuis 2022. En 2025 je rejoins encore la Sexacad\u00e9mie de <strong>Sexopraxis<\/strong>, o\u00f9 j&#8217;animerai des stages en fran\u00e7ais et en anglais. <\/p>\n\n\n\n<p class=\"has-text-align-center\">J&#8217;ai la forte croyance que notre sant\u00e9 et bien-\u00eatre d\u00e9pendent d&#8217;un \u00e9quilibre entre les diff\u00e9rentes sph\u00e8res de l&#8217;existence humaine (corps &#8211; mental &#8211; \u00e9motionnel &#8211; esprit), qui sont interd\u00e9pendantes. Dans cette optique,  je me suis int\u00e9ress\u00e9e aux <strong>soins \u00e9nerg\u00e9tiques<\/strong>, \u00e0 la recherche de la compl\u00e9mentarit\u00e9 sur cette prise en charge holistique de l&#8217;\u00eatre humain. Cette d\u00e9couverte a \u00e9t\u00e9 bouleversante, d&#8217;un point de vue personnel et professionnel! Je me r\u00e9jouis alors d&#8217;accompagner toute personne dans leur processus de transformation, dans un cheminement de d\u00e9veloppement personnel et th\u00e9rapeutique, \u00e0 plusieurs niveaux. <\/p>\n\n\n\n<p><\/p>\n\n\n\n<p><strong>Je consulte en : <\/strong><em>Fran\u00e7ais, English, Portugu\u00eas<\/em><\/p>\n\n\n\n<p class=\"has-text-align-center\"><em>Mes consultations sont LGBTQIA+ friendly, et je re\u00e7ois toute personne depuis l\u2019adolescence jusqu\u2019\u00e0 l\u2019\u00e2ge senior (s\u2019identifiant comme femme, homme, personne non-binaire et toute identit\u00e9 transgenre)<\/em><\/p>\n\n\n\n<p><\/p>\n\n\n\n<figure class=\"wp-block-gallery has-nested-images columns-default is-cropped wp-block-gallery-2 is-layout-flex wp-block-gallery-is-layout-flex\">\n<figure class=\"wp-block-image size-large\"><img loading=\"lazy\" decoding=\"async\" width=\"1024\" height=\"88\" data-id=\"943\" src=\"https:\/\/pelvica.ch\/wp-content\/uploads\/2024\/05\/White-1024x88.png\" alt=\"\" class=\"wp-image-943\" srcset=\"https:\/\/pelvica.ch\/wp-content\/uploads\/2024\/05\/White-1024x88.png 1024w, https:\/\/pelvica.ch\/wp-content\/uploads\/2024\/05\/White-300x26.png 300w, https:\/\/pelvica.ch\/wp-content\/uploads\/2024\/05\/White-768x66.png 768w, https:\/\/pelvica.ch\/wp-content\/uploads\/2024\/05\/White-600x51.png 600w, https:\/\/pelvica.ch\/wp-content\/uploads\/2024\/05\/White.png 1146w\" sizes=\"auto, (max-width: 1024px) 100vw, 1024px\" \/><\/figure>\n<\/figure>\n\n\n\n<p><\/p>\n\n\n\n<p class=\"has-text-align-center\"><strong>Ma formation<\/strong> <strong>acad\u00e9mique<\/strong> <strong>et compl\u00e9mentaire<\/strong><\/p>\n\n\n\n<ul class=\"wp-block-list\">\n<li><strong>Physioth\u00e9rapeute par la HES Porto (Portugal) en 2010<\/strong><\/li>\n\n\n\n<li><strong>CAS Sexologie Clinique par l&#8217;Universit\u00e9 de Gen\u00e8ve 2021 &#8211; 2023<\/strong><\/li>\n\n\n\n<li><strong>Dipl\u00f4me en Psychosomatique et Epig\u00e9n\u00e9tique par le Centre de Psycoth\u00e9rapie Somatique 2021<\/strong><\/li>\n\n\n\n<li><strong>Formation continue en physioth\u00e9rapie pelvi-p\u00e9rin\u00e9ale, sant\u00e9 de la femme et sant\u00e9 transgenre<\/strong><ul><li>Base uro-gyn\u00e9cologique \/ R\u00e9habilitation Active du P\u00e9rin\u00e9e 2013<\/li><\/ul><ul><li>Gymnastique Hypopressive I et II 2013\/2014<\/li><li>Fasciath\u00e9rapie 2015<\/li><li>Th\u00e9rapie manuelle p\u00e9rin\u00e9ale 2016<\/li><li>ABDO-MG : r\u00e9\u00e9ducation p\u00e9rin\u00e9o-abdomino-diaphragmatique 2017<\/li><li>Sant\u00e9 pelvienne dans le sport et l\u2019exercice 2019<\/li><li>Th\u00e9rapie manuelle p\u00e9rinatale 2020<\/li><li>Exercice dans le pr\u00e9 et le post-partum 2020<\/li><li>Physioth\u00e9rapie dans le <em>gender-affirmative care<\/em>, sant\u00e9 transgenre, sant\u00e9 et fitness dans la population <em>gender-diverse<\/em> 2021<\/li><\/ul>\n<ul class=\"wp-block-list\">\n<li>Kinesio Taping base 2012 et en conditions gyn\u00e9cologiques 2021<\/li>\n\n\n\n<li>Formations courtes : endom\u00e9triose, cycle menstruel, dysm\u00e9norrh\u00e9e, congestion pelvienne, syndrome d&#8217;excitation permanente (2020 &#8211; 2023) <\/li>\n<\/ul>\n<\/li>\n\n\n\n<li><strong>Formations compl\u00e9mentaires<\/strong><ul><li>Certification de comp\u00e9tences p\u00e9dagogiques (formation de formateurs) 2014<\/li><li>Introduction \u00e0 la sexologie clinique 2019<\/li><li>Prise en charge de patientes victimes de violence 2020<\/li><li>Communication habilitante 2020<\/li><\/ul>\n<ul class=\"wp-block-list\">\n<li>EFT (<em>Emotional Freedom Technique<\/em>) Niveau Praticien 2022<\/li>\n\n\n\n<li>Soins \u00e9nerg\u00e9tiques (en d\u00e9veloppement continu depuis 2020)<\/li>\n\n\n\n<li>D\u00e9sensibilisation psycho-corporelle 2024<\/li>\n\n\n\n<li>Formation de base en Sexocorporel (2025 -)<\/li>\n<\/ul>\n<\/li>\n<\/ul>\n\n\n\n<figure class=\"wp-block-image size-large\"><img loading=\"lazy\" decoding=\"async\" width=\"1024\" height=\"88\" src=\"https:\/\/pelvica.ch\/wp-content\/uploads\/2023\/12\/White-5-1024x88.png\" alt=\"\" class=\"wp-image-908\" srcset=\"https:\/\/pelvica.ch\/wp-content\/uploads\/2023\/12\/White-5-1024x88.png 1024w, https:\/\/pelvica.ch\/wp-content\/uploads\/2023\/12\/White-5-300x26.png 300w, https:\/\/pelvica.ch\/wp-content\/uploads\/2023\/12\/White-5-768x66.png 768w, https:\/\/pelvica.ch\/wp-content\/uploads\/2023\/12\/White-5-600x51.png 600w, https:\/\/pelvica.ch\/wp-content\/uploads\/2023\/12\/White-5.png 1146w\" sizes=\"auto, (max-width: 1024px) 100vw, 1024px\" \/><\/figure>\n\n\n\n<p class=\"has-text-align-center\"><strong>Mon exp\u00e9rience comme enseignante et conf\u00e9renci\u00e8re<\/strong><\/p>\n\n\n\n<ul class=\"wp-block-list\">\n<li><strong>Pr\u00e9valence de sympt\u00f4mes neuro-musculosquelettiques chez les musiciens<\/strong> > Pr\u00e9sentation poster lors du 16<sup>\u00e8me<\/sup> congr\u00e8s de la <em>World Confederation for Physical Therapy<\/em> 2011<\/li>\n\n\n\n<li><strong>Les diff\u00e9rentes approches de la physioth\u00e9rapie en r\u00e9\u00e9ducation p\u00e9lvi-p\u00e9rin\u00e9ale<\/strong> > Conf\u00e9rence lors du congr\u00e8s de la Soci\u00e9t\u00e9 Cantonale d\u2019Ost\u00e9opathie Vaud \u00ab\u00a0L\u2019ost\u00e9opathie dans le champ p\u00e9rinatal\u00a0\u00bb 2017<\/li>\n\n\n\n<li><strong>Les douleurs musculosquelettiques de la femme enceinte | Exercice pr\u00e9 et post-partum<\/strong> > Conf\u00e9rence et ateliers lors de la formation de l\u2019Association des Physioth\u00e9rapeutes Ind\u00e9pendants \u00ab\u00a0Prise en charge de la femme enceinte en physioth\u00e9rapie\u00a0\u00bb 2019<\/li>\n\n\n\n<li><strong>Approche en physioth\u00e9rapie du plancher pelvien<\/strong> > Conf\u00e9rence lors de la formation de la Soci\u00e9t\u00e9 Cantonale d\u2019Ost\u00e9opathie Vaud, en collaboration avec le <em>Molinari Institute of Health<\/em>, \u00ab\u00a0Sp\u00e9cialisation en sant\u00e9 de la femme\u00a0\u00bb 2021<\/li>\n\n\n\n<li><strong>Physioth\u00e9rapie du Post-partum<\/strong> > Conf\u00e9rence dans le cade du module &#8220;Ost\u00e9opathie et Grossesse&#8221; du CAS d'&#8221;Ost\u00e9opathie et les 1000 premiers jours&#8221; de la Haute Ecole de Sant\u00e9 de Fribourg 2023<\/li>\n<\/ul>\n\n\n\n<p><\/p>\n<div style=\"margin: 20px 0;\"><div class=\"qrcswholewtapper\" style=\"text-align:left;\"><div class=\"qrcprowrapper\"  id=\"qrcwraa2leds\"><div class=\"qrc_canvass\" id=\"qrc_cuttenpages_2\" style=\"display:none\" data-text=\"https:\/\/pelvica.ch\/?page_id=682\"><\/div><\/div><\/div><\/div>","protected":false},"excerpt":{"rendered":"<p>Joana Rodrigues (pronom : Elle) Dipl\u00f4m\u00e9e de physioth\u00e9rapie en 2010 \u00e0 la Haute Ecole de Sant\u00e9 de Porto (Portugal), j\u2019ai d\u00e9but\u00e9 ma pratique dans un cabinet g\u00e9n\u00e9raliste et en tant que physioth\u00e9rapeute du sport. Sp\u00e9cialement attir\u00e9e par le travail abdominal et postural, j\u2019ai vite compris l\u2019importance de la sph\u00e8re pelvienne et j\u2019ai d\u00e9cid\u00e9 de continuer [&hellip;]<\/p>\n","protected":false},"author":1,"featured_media":0,"parent":0,"menu_order":0,"comment_status":"closed","ping_status":"closed","template":"","meta":{"footnotes":""},"class_list":["post-682","page","type-page","status-publish","hentry"],"_links":{"self":[{"href":"https:\/\/pelvica.ch\/index.php?rest_route=\/wp\/v2\/pages\/682","targetHints":{"allow":["GET"]}}],"collection":[{"href":"https:\/\/pelvica.ch\/index.php?rest_route=\/wp\/v2\/pages"}],"about":[{"href":"https:\/\/pelvica.ch\/index.php?rest_route=\/wp\/v2\/types\/page"}],"author":[{"embeddable":true,"href":"https:\/\/pelvica.ch\/index.php?rest_route=\/wp\/v2\/users\/1"}],"replies":[{"embeddable":true,"href":"https:\/\/pelvica.ch\/index.php?rest_route=%2Fwp%2Fv2%2Fcomments&post=682"}],"version-history":[{"count":28,"href":"https:\/\/pelvica.ch\/index.php?rest_route=\/wp\/v2\/pages\/682\/revisions"}],"predecessor-version":[{"id":1099,"href":"https:\/\/pelvica.ch\/index.php?rest_route=\/wp\/v2\/pages\/682\/revisions\/1099"}],"wp:attachment":[{"href":"https:\/\/pelvica.ch\/index.php?rest_route=%2Fwp%2Fv2%2Fmedia&parent=682"}],"curies":[{"name":"wp","href":"https:\/\/api.w.org\/{rel}","templated":true}]}}