{"id":729,"date":"2022-04-13T10:21:14","date_gmt":"2022-04-13T10:21:14","guid":{"rendered":"https:\/\/pelvica.ch\/?page_id=729"},"modified":"2026-01-27T09:57:55","modified_gmt":"2026-01-27T09:57:55","slug":"la-seance-de-physiotherapie","status":"publish","type":"page","link":"https:\/\/pelvica.ch\/?page_id=729","title":{"rendered":"Prise de RDV &amp; Infos"},"content":{"rendered":"\n<p>Je ne suis pas en mesure de reprendre des consultations actuellement (en cong\u00e9 maternit\u00e9, pas de date de reprise confirm\u00e9e).<\/p>\n\n\n\n<p>Je vous propose de consulter le site <strong>www.aspug.ch\/nos-membres<\/strong>, o\u00f9 vous trouverez toutes les adresses des physioth\u00e9rapeutes de sp\u00e9cialisation pelvi-p\u00e9rin\u00e9ale, uro-gyn\u00e9cologique et sexologique, selon la r\u00e9gion. <\/p>\n\n\n\n<p class=\"has-text-align-center\"><\/p>\n\n\n\n<p><\/p>\n\n\n\n<p><\/p>\n\n\n\n<div class=\"wp-block-buttons is-layout-flex wp-block-buttons-is-layout-flex\">\n<div class=\"wp-block-button\"><a class=\"wp-block-button__link wp-element-button\">Consignes importantes<\/a><\/div>\n<\/div>\n\n\n\n<p><strong>1.&nbsp;Nombre de RDVs \u00e0 fixer :&nbsp;<\/strong>Pour garantir un suivi optimal en physioth\u00e9rapie, <strong>fixez directement 6-9 RDVs sur l&#8217;agenda<\/strong>, id\u00e9alement en raison d&#8217;une fois par semaine. Le cas \u00e9ch\u00e9ant, je ne peux pas garantir la continuit\u00e9 du suivi hebdomadaire. Vous pouvez toujours changer\/annuler vos RDVs plus tard, en cas d&#8217;emp\u00eachement.&nbsp;<\/p>\n\n\n\n<p class=\"has-text-align-center\"><em>Si vous ne trouvez pas de RDV rapidement et que vous souhaitez rester en liste d&#8217;attente pour une \u00e9ventuelle prise en charge plus rapide, n&#8217;h\u00e9sitez pas \u00e0 me le signaler par mail (joana.rodrigues.physio@gmail.com) ou par SMS\/whatsapp<\/em> <em>(077 493 92 35)<\/em><\/p>\n\n\n\n<p><\/p>\n\n\n\n<p><strong>2. Conditions d&#8217;annulation :<\/strong>&nbsp;tout RDV non annul\u00e9 24h \u00e0 l&#8217;avance sera factur\u00e9 dans sa totalit\u00e9, quel que soit le motif. Merci de votre compr\u00e9hension. <\/p>\n\n\n\n<p><strong>3. Prise en charge de la physioth\u00e9rapie :<\/strong>&nbsp;prise en charge par LAMal sous prescription m\u00e9dicale (dat\u00e9e de moins de 5 semaines avant la date de d\u00e9but de traitement), en fonction de votre franchise et de la quote part.&nbsp;<\/p>\n\n\n\n<ul class=\"wp-block-list\">\n<li>Tarif s\u00e9ance simple : 1\u00e8re s\u00e9ance 72chf, s\u00e9ances suivantes 48chf<\/li>\n\n\n\n<li>Tarif s\u00e9ance complexe : 1\u00e8re s\u00e9ance 101chf, s\u00e9ances suivantes 77chf<\/li>\n<\/ul>\n\n\n\n<p><strong>4. Grossesse et post-accouchement :<\/strong>&nbsp;la LAMal prend enti\u00e8rement en charge les co\u00fbts des prestations entre la 13\u00e8me semaine de grossesse et jusqu&#8217;\u00e0 8 semaines apr\u00e8s l&#8217;accouchement. Pass\u00e9 ce d\u00e9lai, toute s\u00e9ance est soumise de nouveau au r\u00e9gime LAMal, en fonction de votre franchise et de la quote-part.<\/p>\n\n\n\n<p><strong>5. Prise en charge priv\u00e9 (sans prescription m\u00e9dicale)<\/strong> :<\/p>\n\n\n\n<ul class=\"wp-block-list\">\n<li>Pr\u00e9vention\/promotion de la sant\u00e9 : <em>60chf s\u00e9ance de 30min<\/em>, <em>90chf s\u00e9ance de 45min<\/em> (certaines assurances compl\u00e9mentaires prennent en charge des prestations, selon la modalit\u00e9)<\/li>\n\n\n\n<li>Soins \u00e9nerg\u00e9tiques, Consultation Psychosomatique, Desensibilisation Psychocorporelle, EFT : 120chf\/h (pas de prise en charge par les assurances)<\/li>\n<\/ul>\n\n\n\n<p><strong>6. Adresse s\u00e9curis\u00e9e : <\/strong>Pour tout \u00e9change de dossier m\u00e9dical ou partage de documents, une adresse mail s\u00e9curis\u00e9e est \u00e0 disposition. Par contre, si votre mail n&#8217;est pas s\u00e9curis\u00e9, ceci ne vous sera pas utile, mais vous pouvez sans autre transmettre cette adresse \u00e0 votre m\u00e9decin : <a href=\"mailto:joana.rodrigues@physio-hin.ch\" target=\"_blank\" rel=\"noreferrer noopener\">joana.rodrigues@physio-hin.ch<\/a><\/p>\n\n\n\n<figure class=\"wp-block-image size-large\"><img loading=\"lazy\" decoding=\"async\" width=\"1024\" height=\"88\" src=\"http:\/\/pelvica.ch\/wp-content\/uploads\/2024\/05\/White-1024x88.png\" alt=\"\" class=\"wp-image-943\" srcset=\"https:\/\/pelvica.ch\/wp-content\/uploads\/2024\/05\/White-1024x88.png 1024w, https:\/\/pelvica.ch\/wp-content\/uploads\/2024\/05\/White-300x26.png 300w, https:\/\/pelvica.ch\/wp-content\/uploads\/2024\/05\/White-768x66.png 768w, https:\/\/pelvica.ch\/wp-content\/uploads\/2024\/05\/White-600x51.png 600w, https:\/\/pelvica.ch\/wp-content\/uploads\/2024\/05\/White.png 1146w\" sizes=\"auto, (max-width: 1024px) 100vw, 1024px\" \/><\/figure>\n\n\n\n<p class=\"has-text-align-center\"><em>Comment une s\u00e9ance de physioth\u00e9rapie se d\u00e9roule ? <\/em><\/p>\n\n\n\n<p><\/p>\n\n\n\n<p>Lors de votre premi\u00e8re s\u00e9ance, un entretien et un bilan seront effectu\u00e9s, pour bien contextualiser la situation, comprendre votre demande et d\u00e9finir, ensemble, les <strong>objectifs<\/strong>.<\/p>\n\n\n\n<p>En physioth\u00e9rapie, une <strong>\u00e9valuation fonctionnelle globale<\/strong> comprend la posture statique et dynamique de votre corps, la dynamique respiratoire, la mobilit\u00e9 et la stabilit\u00e9 g\u00e9n\u00e9rale, la comp\u00e9tence et le comportement de votre ceinture abdominal et du p\u00e9rin\u00e9e, entre autres.<\/p>\n\n\n\n<p>Plusieurs modalit\u00e9s vous seront propos\u00e9es, entre les techniques <strong>instrumentales<\/strong> (biofeedback, electrostimulation, antalgie par TENS, kinesio taping, \u2026), les techniques <strong>manuelles<\/strong> et tissulaires (th\u00e9rapie manuelle, drainage lymphatique, fasciath\u00e9rapie, traitement des points trigger, massage visc\u00e9ral, \u2026) et, souvent le plus important, l\u2019<strong>entrainement neuro-musculaire<\/strong> (r\u00e9\u00e9ducation posturale et respiratoire, l\u2019entrainement musculaire du plancher pelvien et l&#8217;exercice clinique global, gymnastique hypopressive, winner flow, pilates, \u2026). En cas de <strong>douleur<\/strong>, la r\u00e9\u00e9ducation sensitive et la reprogrammation de votre syst\u00e8me nerveux sont un focus essentiel de l\u2019intervention, int\u00e9gr\u00e9es dans une approche psychocorporelle. <\/p>\n\n\n\n<p>Les approches alternatives peuvent \u00eatre utilis\u00e9es en compl\u00e9ment, si cela vous semblera pertinent.<\/p>\n\n\n\n<p class=\"has-text-align-center\">Toutes les options seront discut\u00e9es d\u2019avance et valid\u00e9es par vous, ainsi qu&#8217;adapt\u00e9es au fur et \u00e0 mesure de votre \u00e9volution.<\/p>\n\n\n\n<figure class=\"wp-block-image size-large\"><img loading=\"lazy\" decoding=\"async\" width=\"1024\" height=\"88\" src=\"https:\/\/pelvica.ch\/wp-content\/uploads\/2023\/12\/White-7-1024x88.png\" alt=\"\" class=\"wp-image-922\" srcset=\"https:\/\/pelvica.ch\/wp-content\/uploads\/2023\/12\/White-7-1024x88.png 1024w, https:\/\/pelvica.ch\/wp-content\/uploads\/2023\/12\/White-7-300x26.png 300w, https:\/\/pelvica.ch\/wp-content\/uploads\/2023\/12\/White-7-768x66.png 768w, https:\/\/pelvica.ch\/wp-content\/uploads\/2023\/12\/White-7-600x51.png 600w, https:\/\/pelvica.ch\/wp-content\/uploads\/2023\/12\/White-7.png 1146w\" sizes=\"auto, (max-width: 1024px) 100vw, 1024px\" \/><\/figure>\n\n\n<div class=\"wp-block-image\">\n<figure class=\"alignleft size-large is-resized\"><img loading=\"lazy\" decoding=\"async\" width=\"1024\" height=\"683\" src=\"https:\/\/pelvica.ch\/wp-content\/uploads\/2022\/04\/LGBT-1-1024x683.jpg\" alt=\"\" class=\"wp-image-733\" style=\"width:219px;height:146px\" srcset=\"https:\/\/pelvica.ch\/wp-content\/uploads\/2022\/04\/LGBT-1-1024x683.jpg 1024w, https:\/\/pelvica.ch\/wp-content\/uploads\/2022\/04\/LGBT-1-300x200.jpg 300w, https:\/\/pelvica.ch\/wp-content\/uploads\/2022\/04\/LGBT-1-768x512.jpg 768w, https:\/\/pelvica.ch\/wp-content\/uploads\/2022\/04\/LGBT-1-1536x1024.jpg 1536w, https:\/\/pelvica.ch\/wp-content\/uploads\/2022\/04\/LGBT-1-2048x1365.jpg 2048w, https:\/\/pelvica.ch\/wp-content\/uploads\/2022\/04\/LGBT-1-600x400.jpg 600w\" sizes=\"auto, (max-width: 1024px) 100vw, 1024px\" \/><\/figure><\/div>\n\n\n<p class=\"has-text-align-center\">Mes consultations sont LGBTQIA+&nbsp;<em>friendly<\/em>, et je re\u00e7ois toute personne depuis l\u2019adolescence jusqu\u2019\u00e0 l\u2019\u00e2ge senior (s\u2019identifiant comme femme, homme, personne non-binaire et toute identit\u00e9 transgenre).<\/p>\n\n\n\n<p><\/p>\n\n\n\n<p><\/p>\n\n\n\n<p><\/p>\n\n\n\n<p><\/p>\n\n\n\n<p><\/p>\n\n\n\n<p><\/p>\n\n\n\n<p><\/p>\n\n\n\n<p><\/p>\n\n\n\n<p><\/p>\n\n\n\n<p><\/p>\n<div style=\"margin: 20px 0;\"><div class=\"qrcswholewtapper\" style=\"text-align:left;\"><div class=\"qrcprowrapper\"  id=\"qrcwraa2leds\"><div class=\"qrc_canvass\" id=\"qrc_cuttenpages_2\" style=\"display:none\" data-text=\"https:\/\/pelvica.ch\/?page_id=729\"><\/div><\/div><\/div><\/div>","protected":false},"excerpt":{"rendered":"<p>Je ne suis pas en mesure de reprendre des consultations actuellement (en cong\u00e9 maternit\u00e9, pas de date de reprise confirm\u00e9e). Je vous propose de consulter le site www.aspug.ch\/nos-membres, o\u00f9 vous trouverez toutes les adresses des physioth\u00e9rapeutes de sp\u00e9cialisation pelvi-p\u00e9rin\u00e9ale, uro-gyn\u00e9cologique et sexologique, selon la r\u00e9gion. 1.&nbsp;Nombre de RDVs \u00e0 fixer :&nbsp;Pour garantir un suivi optimal [&hellip;]<\/p>\n","protected":false},"author":1,"featured_media":0,"parent":0,"menu_order":0,"comment_status":"closed","ping_status":"closed","template":"","meta":{"footnotes":""},"class_list":["post-729","page","type-page","status-publish","hentry"],"_links":{"self":[{"href":"https:\/\/pelvica.ch\/index.php?rest_route=\/wp\/v2\/pages\/729","targetHints":{"allow":["GET"]}}],"collection":[{"href":"https:\/\/pelvica.ch\/index.php?rest_route=\/wp\/v2\/pages"}],"about":[{"href":"https:\/\/pelvica.ch\/index.php?rest_route=\/wp\/v2\/types\/page"}],"author":[{"embeddable":true,"href":"https:\/\/pelvica.ch\/index.php?rest_route=\/wp\/v2\/users\/1"}],"replies":[{"embeddable":true,"href":"https:\/\/pelvica.ch\/index.php?rest_route=%2Fwp%2Fv2%2Fcomments&post=729"}],"version-history":[{"count":37,"href":"https:\/\/pelvica.ch\/index.php?rest_route=\/wp\/v2\/pages\/729\/revisions"}],"predecessor-version":[{"id":1133,"href":"https:\/\/pelvica.ch\/index.php?rest_route=\/wp\/v2\/pages\/729\/revisions\/1133"}],"wp:attachment":[{"href":"https:\/\/pelvica.ch\/index.php?rest_route=%2Fwp%2Fv2%2Fmedia&parent=729"}],"curies":[{"name":"wp","href":"https:\/\/api.w.org\/{rel}","templated":true}]}}